{"id":7183,"date":"2017-06-27T12:43:06","date_gmt":"2017-06-27T12:43:06","guid":{"rendered":"http:\/\/inspirythemesdemo.com\/realplaces\/?page_id=3580"},"modified":"2017-06-27T12:43:06","modified_gmt":"2017-06-27T12:43:06","slug":"faqs-2","status":"publish","type":"page","link":"https:\/\/rapromo.ma\/?page_id=7183","title":{"rendered":"FAQs"},"content":{"rendered":"\n<div class=\"wp-block-quick-and-easy-faqs-faqs-filterable-accordion\">            <div class=\"qae-faqs-container qae-faqs-toggle-container\">\n\t\t\t\t\t\t\t<ul class=\"qe-faqs-filters-container\">\n\t\t\t\t<li class=\"active\"><a class=\"qe-faqs-filter all-faqs\" href=\"#\" data-filter=\"*\">Tout<\/a><\/li>\n\t\t\t\t<li><a class=\"qe-faqs-filter\" href=\"#agents-faqs\" data-filter=\".agents-faqs\">Agents FAQs<\/a><\/li><li><a class=\"qe-faqs-filter\" href=\"#choosing-a-property\" data-filter=\".choosing-a-property\">Choosing a Property<\/a><\/li>\t\t\t<\/ul>\n\t\t\t\t\t<div id=\"qaef-3553\" class=\"qe-faq-toggle agents-faqs\">\n\t\t\t<div class=\"qe-toggle-title\">\n\t\t\t\t<h4>\n\t\t\t\t\t<i class=\"fa fa-minus-circle\"><\/i> Quelle est la diff\u00e9rence entre un agent immobilier et un courtier immobilier ?\t\t\t\t<\/h4>\n\t\t\t<\/div>\n\t\t\t<div class=\"qe-toggle-content\">\n\t\t\t\tLa plupart des \u00c9tats exigent que les professionnels de la vente immobili\u00e8re soient agr\u00e9\u00e9s par l&rsquo;\u00c9tat, afin qu&rsquo;ils puissent contr\u00f4ler les exigences en mati\u00e8re d&rsquo;\u00e9ducation et d&rsquo;exp\u00e9rience et disposer d&rsquo;une autorit\u00e9 centrale pour r\u00e9soudre les probl\u00e8mes des consommateurs.\n\nLa terminologie utilis\u00e9e pour identifier les professionnels de l&rsquo;immobilier varie un peu d&rsquo;un \u00c9tat \u00e0 l&rsquo;autre. Les courtiers sont g\u00e9n\u00e9ralement tenus d&rsquo;avoir plus d&rsquo;\u00e9ducation et d&rsquo;exp\u00e9rience que les vendeurs ou agents immobiliers.\n\nLa personne avec qui vous traitez habituellement est un agent immobilier ou un vendeur. Le vendeur est agr\u00e9\u00e9 par l&rsquo;\u00c9tat, mais doit travailler pour un courtier. Toutes les annonces sont plac\u00e9es au nom du courtier et non au nom du vendeur.\n\nUn courtier peut traiter directement avec les acheteurs et les vendeurs de maisons, ou peut avoir une \u00e9quipe de vendeurs ou d&rsquo;agents travaillant pour lui.\t\t\t<\/div>\n\t\t<\/div>\n\t\t\t\t<div id=\"qaef-3555\" class=\"qe-faq-toggle agents-faqs\">\n\t\t\t<div class=\"qe-toggle-title\">\n\t\t\t\t<h4>\n\t\t\t\t\t<i class=\"fa fa-minus-circle\"><\/i> Pourquoi faire appel \u00e0 un vendeur immobilier ?\t\t\t\t<\/h4>\n\t\t\t<\/div>\n\t\t\t<div class=\"qe-toggle-content\">\n\t\t\t\t<p>Un vendeur immobilier est plus qu&rsquo;un simple \u00ab\u00a0vendeur\u00a0\u00bb. Ils agissent en votre nom en tant qu&rsquo;agent, vous fournissant des conseils et des conseils et faisant un travail &#8211; vous aidant \u00e0 acheter ou \u00e0 vendre une maison. S&rsquo;il est vrai qu&rsquo;ils sont pay\u00e9s pour ce qu&rsquo;ils font, il en va de m\u00eame pour d&rsquo;autres professions qui fournissent des conseils, des orientations et ont un service \u00e0 vendre, comme les experts-comptables et les avocats.<\/p>\n<p>L&rsquo;Internet a ouvert un monde d&rsquo;informations qui n&rsquo;\u00e9taient pas disponibles auparavant pour les acheteurs et les vendeurs. Les donn\u00e9es sur les annonces disponibles \u00e0 la vente sont presque \u00e0 jour &#8211; mais pas tout \u00e0 fait. Il y a des moments o\u00f9 vous avez besoin des informations les plus r\u00e9centes sur ce qui s&rsquo;est vendu ou est \u00e0 vendre, et la seule fa\u00e7on de l&rsquo;obtenir est avec un agent.<\/p>\n<p>Si vous vendez une maison, vous acc\u00e9dez au plus grand nombre d&rsquo;acheteurs en \u00e9tant r\u00e9pertori\u00e9 dans le service inter-agences. Seul un agent immobilier agr\u00e9\u00e9 membre de votre MLS local peut vous y inscrire, ce qui vous permet ensuite d&rsquo;\u00eatre automatiquement inscrit sur certains des principaux sites Web immobiliers. Si vous achetez ou vendez une maison, le MLS est le meilleur outil de votre agent.<\/p>\n<p>Cependant, le r\u00f4le d&rsquo;un agent a chang\u00e9 au cours des deux derni\u00e8res ann\u00e9es. Dans le pass\u00e9, les agents \u00e9taient le seul moyen pour les acheteurs et les vendeurs de maisons d&rsquo;acc\u00e9der aux informations. Maintenant, les agents \u00e9voluent. Parce que les acheteurs et les vendeurs de maisons d&rsquo;aujourd&rsquo;hui sont tellement mieux inform\u00e9s que par le pass\u00e9, l&rsquo;expertise et la capacit\u00e9 deviennent plus importantes.<\/p>\n<p>L&rsquo;agent immobilier devient plus un \u00ab\u00a0guide\u00a0\u00bb qu&rsquo;un \u00ab\u00a0vendeur\u00a0\u00bb &#8212; votre repr\u00e9sentant personnel dans l&rsquo;achat ou la vente d&rsquo;une maison.<\/p>\n\t\t\t<\/div>\n\t\t<\/div>\n\t\t\t\t<div id=\"qaef-3557\" class=\"qe-faq-toggle choosing-a-property\">\n\t\t\t<div class=\"qe-toggle-title\">\n\t\t\t\t<h4>\n\t\t\t\t\t<i class=\"fa fa-minus-circle\"><\/i> Je dois faire un choix entre une maison mise \u00e0 jour dans un quartier plus ancien ou une maison plus r\u00e9cente dans un quartier plus moderne. La maison dans le vieux quartier a presque tout ce que je veux et est beaucoup plus grande, mais qu&rsquo;est-ce qui a le plus de sens comme investissement\u00a0?\t\t\t\t<\/h4>\n\t\t\t<\/div>\n\t\t\t<div class=\"qe-toggle-content\">\n\t\t\t\t<p>Si votre objectif est d&rsquo;acheter une maison pour sa valeur de revente et que celle que vous envisagez d&rsquo;acheter dans le quartier le plus ancien se situe dans la partie sup\u00e9rieure des valeurs de ce quartier, ce n&rsquo;est peut-\u00eatre pas le choix le plus judicieux. Si son prix est similaire ou inf\u00e9rieur aux autres, il ne devrait y avoir aucun probl\u00e8me, car le prix doit \u00eatre consid\u00e9r\u00e9 par rapport au quartier local et non par rapport aux maisons des autres quartiers (pour la plupart)<\/p>\n<p>De plus, est-ce un quartier en d\u00e9clin, ou est-ce que d&rsquo;autres vont aussi r\u00e9parer les choses, pour que ce soit un quartier qui s&rsquo;am\u00e9liore\u00a0? Cela pourrait s&rsquo;av\u00e9rer \u00eatre une tr\u00e8s bonne affaire tant que vous ne \u00ab\u00a0payez pas trop\u00a0\u00bb \u00e0 cause des am\u00e9liorations r\u00e9centes.<\/p>\n<p>N&rsquo;oubliez pas que vous achetez \u00e9galement une maison pour sa valeur en tant que \u00ab\u00a0maison\u00a0\u00bb, et c&rsquo;est quelque chose d&rsquo;autre que vous devriez consid\u00e9rer. Dans quel quartier vous ET votre famille vous sentiriez-vous le plus \u00e0 l&rsquo;aise\u00a0?<\/p>\n\t\t\t<\/div>\n\t\t<\/div>\n\t\t\t\t<div id=\"qaef-3558\" class=\"qe-faq-toggle choosing-a-property\">\n\t\t\t<div class=\"qe-toggle-title\">\n\t\t\t\t<h4>\n\t\t\t\t\t<i class=\"fa fa-minus-circle\"><\/i> Lors de l&rsquo;achat d&rsquo;une maison neuve, vers quelles am\u00e9liorations devons-nous nous tourner ? Qu&rsquo;est-ce qui a le plus de valeur ? Am\u00e9liorons-nous le lot\u00a0? Choisissez plus de pieds carr\u00e9s dans la maison\u00a0? Ajouter une chambre suppl\u00e9mentaire?, etc.\t\t\t\t<\/h4>\n\t\t\t<\/div>\n\t\t\t<div class=\"qe-toggle-content\">\n\t\t\t\t<p>Tout d\u00e9pend de la raison pour laquelle vous achetez la maison. L&rsquo;achetez-vous principalement comme maison ou principalement comme investissement\u00a0? Il y a une diff\u00e9rence.<\/p>\n<p>Pour la plupart, les mises \u00e0 niveau sont des \u00e9l\u00e9ments tr\u00e8s lucratifs pour les constructeurs. Ils ne sont pas con\u00e7us pour augmenter la valeur de la maison, mais pour vous rendre plus heureux avec la maison que vous achetez.<\/p>\n<p>Si vous consid\u00e9rez votre maison comme un investissement, alors vous achetez de la taille la plus petite \u00e0 la taille moyenne dans le secteur et ne d\u00e9pensez qu&rsquo;un montant minimal pour les mises \u00e0 niveau. Si vous consid\u00e9rez votre achat comme une maison, vous s\u00e9lectionnez des am\u00e9liorations qui am\u00e9lioreront votre qualit\u00e9 de vie.<\/p>\n<p>Une r\u00e8gle d&rsquo;or consiste \u00e0 toujours am\u00e9liorer le tapis et le rembourrage.<\/p>\n\t\t\t<\/div>\n\t\t<\/div>\n\t\t            <\/div>\n\t\t<\/div>\n","protected":false},"excerpt":{"rendered":"","protected":false},"author":1,"featured_media":0,"parent":0,"menu_order":0,"comment_status":"closed","ping_status":"closed","template":"","meta":{"footnotes":""},"class_list":["post-7183","page","type-page","status-publish","hentry"],"_links":{"self":[{"href":"https:\/\/rapromo.ma\/index.php?rest_route=\/wp\/v2\/pages\/7183","targetHints":{"allow":["GET"]}}],"collection":[{"href":"https:\/\/rapromo.ma\/index.php?rest_route=\/wp\/v2\/pages"}],"about":[{"href":"https:\/\/rapromo.ma\/index.php?rest_route=\/wp\/v2\/types\/page"}],"author":[{"embeddable":true,"href":"https:\/\/rapromo.ma\/index.php?rest_route=\/wp\/v2\/users\/1"}],"replies":[{"embeddable":true,"href":"https:\/\/rapromo.ma\/index.php?rest_route=%2Fwp%2Fv2%2Fcomments&post=7183"}],"version-history":[{"count":0,"href":"https:\/\/rapromo.ma\/index.php?rest_route=\/wp\/v2\/pages\/7183\/revisions"}],"wp:attachment":[{"href":"https:\/\/rapromo.ma\/index.php?rest_route=%2Fwp%2Fv2%2Fmedia&parent=7183"}],"curies":[{"name":"wp","href":"https:\/\/api.w.org\/{rel}","templated":true}]}}